{"id":173,"date":"2014-05-29T13:32:53","date_gmt":"2014-05-29T11:32:53","guid":{"rendered":"http:\/\/en.xn--vvmagasinet-l8a.se\/product\/subscription-vav-europe\/"},"modified":"2014-05-29T13:32:53","modified_gmt":"2014-05-29T11:32:53","slug":"subscription-vav-europe","status":"publish","type":"product","link":"https:\/\/vavmagasinet.se\/en\/product\/subscription-vav-europe\/","title":{"rendered":"Subscription V\u00c4V &#8211; Europe"},"content":{"rendered":"","protected":false},"excerpt":{"rendered":"<p><strong>Subscription to V\u00c4V: V\u00e4vmagasinet &#8211; Scandinavian Weaving Magazine.<\/strong> 4 issues a year in March, May, September and December.<\/p>\n","protected":false},"featured_media":11,"template":"","meta":{"_acf_changed":false},"product_cat":[],"product_tag":[],"class_list":{"0":"post-173","1":"product","2":"type-product","3":"status-publish","4":"has-post-thumbnail","6":"product_shipping_class-single-copys-sweden","8":"first","9":"instock","10":"purchasable","11":"product-type-variable","12":"has-default-attributes"},"acf":[],"_links":{"self":[{"href":"https:\/\/vavmagasinet.se\/en\/wp-json\/wp\/v2\/product\/173","targetHints":{"allow":["GET"]}}],"collection":[{"href":"https:\/\/vavmagasinet.se\/en\/wp-json\/wp\/v2\/product"}],"about":[{"href":"https:\/\/vavmagasinet.se\/en\/wp-json\/wp\/v2\/types\/product"}],"wp:featuredmedia":[{"embeddable":true,"href":"https:\/\/vavmagasinet.se\/en\/wp-json\/wp\/v2\/media\/11"}],"wp:attachment":[{"href":"https:\/\/vavmagasinet.se\/en\/wp-json\/wp\/v2\/media?parent=173"}],"wp:term":[{"taxonomy":"product_cat","embeddable":true,"href":"https:\/\/vavmagasinet.se\/en\/wp-json\/wp\/v2\/product_cat?post=173"},{"taxonomy":"product_tag","embeddable":true,"href":"https:\/\/vavmagasinet.se\/en\/wp-json\/wp\/v2\/product_tag?post=173"}],"curies":[{"name":"wp","href":"https:\/\/api.w.org\/{rel}","templated":true}]}}