{"id":11814,"date":"2020-10-31T15:14:49","date_gmt":"2020-10-31T14:14:49","guid":{"rendered":"https:\/\/vavmagasinet.se\/?page_id=11814"},"modified":"2025-09-20T14:18:47","modified_gmt":"2025-09-20T12:18:47","slug":"more-weaving","status":"publish","type":"page","link":"https:\/\/vavmagasinet.se\/en\/more-weaving\/","title":{"rendered":"More weaving"},"content":{"rendered":"<h1 class=\"wp-block-heading\">Read and see<\/h1><h5 class=\"wp-block-heading\">In issue 4\/2019<\/h5><h5 class=\"wp-block-heading\"><a href=\"http:\/\/en.xn--vvmagasinet-l8a.se\/wp-content\/uploads\/2019\/11\/TextileCourses.pdf\">Read the article about schools and courses from issue #3\/2019.<\/a><\/h5><hr class=\"wp-block-separator has-css-opacity\"\/><h5 class=\"wp-block-heading\">In issue 3\/2019<\/h5><h5 class=\"wp-block-heading\"><a href=\"http:\/\/en.xn--vvmagasinet-l8a.se\/wp-content\/uploads\/2019\/09\/TheAll-BlackRagRya.pdf\">Read the article about Pasi V\u00e4limaas Rya.<\/a><\/h5><h6 class=\"wp-block-heading\"><a href=\"https:\/\/vavmagasinet.se\/en\/sewing19-3\/\">Sewing descriptions<\/a><\/h6><hr class=\"wp-block-separator has-css-opacity\"\/><h5 class=\"wp-block-heading\">In issue 2\/2019<\/h5><h5 class=\"wp-block-heading\"><a href=\"http:\/\/en.xn--vvmagasinet-l8a.se\/wp-content\/uploads\/2019\/05\/AxelBecker2-09EngNR.pdf\">Read the article about Axel Becker from issue #2\/2009.<\/a><\/h5><h5 class=\"wp-block-heading\"><a href=\"http:\/\/en.xn--vvmagasinet-l8a.se\/wp-content\/uploads\/2019\/05\/IndigoEng.pdf\">Indigo dyeing (issue #2\/2017)<\/a><\/h5><h5 class=\"wp-block-heading\"><a href=\"http:\/\/en.xn--vvmagasinet-l8a.se\/wp-content\/uploads\/2019\/05\/RitningKappa.pdf\">Sewing instruction for the coat on page 52 (in Swedish)<\/a><\/h5><h5 class=\"wp-block-heading\"><a href=\"http:\/\/en.xn--vvmagasinet-l8a.se\/wp-content\/uploads\/2019\/06\/CoatPattern.pdf\">in English<\/a><\/h5><p>If you can print it on A3-paper, the squares will be 1 x 1 cm (20% of the real width, height)<\/p><hr class=\"wp-block-separator has-css-opacity\"\/><h5 class=\"wp-block-heading\">In issue 1\/2019<\/h5><h5 class=\"wp-block-heading\"><a href=\"http:\/\/en.xn--vvmagasinet-l8a.se\/wp-content\/uploads\/2019\/03\/HV-Klaessbol.pdf\">Read the article about the students at HV and their project together with Kl\u00e4ssbol Linen Weaving Mill.<\/a><\/h5><h5 class=\"wp-block-heading\">Link to the film about Ousman Sarr<\/h5><figure class=\"wp-block-embed is-type-video is-provider-youtube wp-block-embed-youtube wp-embed-aspect-4-3 wp-has-aspect-ratio\"><div class=\"wp-block-embed__wrapper\">\n<iframe loading=\"lazy\" title=\"Tanjeh weaving\" width=\"500\" height=\"375\" src=\"https:\/\/www.youtube.com\/embed\/bZQE2cfp8UE?feature=oembed\" frameborder=\"0\" allow=\"accelerometer; autoplay; clipboard-write; encrypted-media; gyroscope; picture-in-picture; web-share\" referrerpolicy=\"strict-origin-when-cross-origin\" allowfullscreen><\/iframe>\n<\/div><\/figure><hr class=\"wp-block-separator has-css-opacity\"\/><h5 class=\"wp-block-heading\">In issue 4\/2018<br><a href=\"http:\/\/en.xn--vvmagasinet-l8a.se\/wp-content\/uploads\/2018\/12\/Boro_Sakiori_Eng.pdf\">Read articles about Boro and Sakiori<br><\/a><a href=\"http:\/\/en.xn--vvmagasinet-l8a.se\/wp-content\/uploads\/2018\/12\/Sakiori.mp4\">Short film about Sakiori weaving at Takumi Koubou in Towada<\/a><\/h5><hr class=\"wp-block-separator has-css-opacity\"\/><h5 class=\"wp-block-heading\">In issue 1\/2018<\/h5><p><a href=\"http:\/\/en.xn--vvmagasinet-l8a.se\/wp-content\/uploads\/2018\/02\/TradmanipuleringEng.pdf\">Read about thread manipulating from issue 3\/2006<\/a><\/p><p><a href=\"http:\/\/en.xn--vvmagasinet-l8a.se\/wp-content\/uploads\/2018\/02\/42-45Eng.pdf\">Read about block drafts in V\u00c4V 4\/2017<\/a><\/p><p><a href=\"http:\/\/en.xn--vvmagasinet-l8a.se\/wp-content\/uploads\/2018\/02\/54-55Eng.pdf\">Project Daldr\u00e4ll in V\u00c4V 1\/2017<\/a><\/p><hr class=\"wp-block-separator has-css-opacity\"\/><h5 class=\"wp-block-heading\">In issue 4\/2016<\/h5><p><a href=\"http:\/\/en.xn--vvmagasinet-l8a.se\/wp-content\/uploads\/2019\/02\/VAV_10_3_Shadoww.pdf\">The free shadow weave project from issue 3\/2010.<\/a><\/p><hr class=\"wp-block-separator has-css-opacity\"\/><h5 class=\"wp-block-heading\">In issue 2\/2016<\/h5><p>Link to the film about the tunic from Lendbreen:&nbsp;<a href=\"https:\/\/www.youtube.com\/watch?v=15IxF53AZfE\" target=\"_blank\" rel=\"noreferrer noopener\">https:\/\/www.youtube.com\/watch?v=15IxF53AZfE<\/a><\/p><p>Name correction picture for downloading:&nbsp;<a href=\"http:\/\/en.xn--vvmagasinet-l8a.se\/wp-content\/uploads\/2016\/05\/Ingrid.jpg\" target=\"_blank\" rel=\"noreferrer noopener\">Ingrid.jpg<\/a><\/p><hr class=\"wp-block-separator has-css-opacity\"\/><h5 class=\"wp-block-heading\">In issue 1\/2016<\/h5><p>In memory of Gunilla Skyttla, an article from issue 1\/2014 by Agneta Mattisson Bojing.<\/p><h6 class=\"wp-block-heading\"><a href=\"http:\/\/en.xn--vvmagasinet-l8a.se\/wp-content\/uploads\/2016\/03\/Gunilla_Skyttla_Eng.pdfhttp:\/\/\" target=\"_blank\" rel=\"noreferrer noopener\">Read it here<\/a><\/h6><p>Here you can listen to Rebecca Hutton weaving with her<\/p><h6 class=\"wp-block-heading\"><a href=\"http:\/\/en.xn--vvmagasinet-l8a.se\/wp-content\/uploads\/2016\/03\/Hattersley.m4a\" target=\"_blank\" rel=\"noreferrer noopener\">Hattersley loom<\/a><\/h6><hr class=\"wp-block-separator has-css-opacity\"\/><h5 class=\"wp-block-heading\">In issue 4\/2015<\/h5><p><a href=\"http:\/\/en.xn--vvmagasinet-l8a.se\/wp-content\/uploads\/2015\/12\/VM_15_4_Stretcher.pdf\" target=\"_blank\" rel=\"noreferrer noopener\">Textile tips: widening out!<\/a><\/p><hr class=\"wp-block-separator has-css-opacity\"\/><h5 class=\"wp-block-heading\">In issue 3\/2015<\/h5><p>A link to the Japanese movie about Woven Prints:<\/p><h6 class=\"wp-block-heading\"><a href=\"https:\/\/www.youtube.com\/watch?v=FqwmySe3J40&amp;feature=youtu.be\" target=\"_blank\" rel=\"noreferrer noopener\">https:\/\/www.youtube.com\/watch?v=FqwmySe3J40&amp;feature=youtu.be<\/a><\/h6><h5 class=\"wp-block-heading\">Download Equivalents for metric-imperial conversion.<\/h5><p><a href=\"http:\/\/en.xn--vvmagasinet-l8a.se\/wp-admin\/en.xn--vvmagasinet-l8a.se\/technique\/equivalents\/\">See Blog posts\/technique<\/a><\/p><h5 class=\"wp-block-heading\">Tips for weaving with linen<\/h5><p><a href=\"http:\/\/en.xn--vvmagasinet-l8a.se\/wp-admin\/en.xn--vvmagasinet-l8a.se\/technique\/weaving-linen\/\">See Blog posts\/technique<\/a><\/p><hr class=\"wp-block-separator has-css-opacity\"\/><h5 class=\"wp-block-heading\">In issue 2\/2015:<\/h5><figure class=\"wp-block-image\"><a href=\"http:\/\/en.xn--vvmagasinet-l8a.se\/wp-content\/uploads\/2015\/05\/1_07_40-41_Engelsk.pdf\" target=\"_blank\" rel=\"noreferrer noopener\"><img decoding=\"async\" src=\"http:\/\/en.xn--vvmagasinet-l8a.se\/wp-content\/uploads\/2015\/05\/1_07_40-41_Engelsk-1.jpg\" alt=\"1_07_40-41_Engelsk-1\" class=\"wp-image-1221\"\/><\/a><\/figure><p>The project from issue 1\/2007<\/p><figure class=\"wp-block-image\"><a href=\"http:\/\/en.xn--vvmagasinet-l8a.se\/wp-content\/uploads\/2015\/05\/Anneli_Tegelberg_mfl_Eng.pdf\" target=\"_blank\" rel=\"noreferrer noopener\"><img loading=\"lazy\" decoding=\"async\" width=\"1050\" height=\"1575\" src=\"https:\/\/vavmagasinet.se\/wp-content\/uploads\/ellen-vadstena_MG_2526.jpg\" alt=\"Anneli_Tegelberg_mfl_Eng-1\" class=\"wp-image-10312\" srcset=\"https:\/\/vavmagasinet.se\/wp-content\/uploads\/ellen-vadstena_MG_2526.jpg 1050w, https:\/\/vavmagasinet.se\/wp-content\/uploads\/ellen-vadstena_MG_2526-700x1050.jpg 700w, https:\/\/vavmagasinet.se\/wp-content\/uploads\/ellen-vadstena_MG_2526-682x1024.jpg 682w\" sizes=\"auto, (max-width: 1050px) 100vw, 1050px\" \/><\/a><\/figure><figure class=\"wp-block-image\"><a href=\"http:\/\/en.xn--vvmagasinet-l8a.se\/wp-content\/uploads\/2015\/05\/Cora_Hamilton_Eng.pdf\" target=\"_blank\" rel=\"noreferrer noopener\"><img loading=\"lazy\" decoding=\"async\" width=\"1811\" height=\"2560\" src=\"https:\/\/vavmagasinet.se\/wp-content\/uploads\/Tra\u030adspa\u0308nning-scaled.jpg\" alt=\"Cora_Hamilton_Eng-1\" class=\"wp-image-10314\" srcset=\"https:\/\/vavmagasinet.se\/wp-content\/uploads\/Tra\u030adspa\u0308nning-scaled.jpg 1811w, https:\/\/vavmagasinet.se\/wp-content\/uploads\/Tra\u030adspa\u0308nning-700x989.jpg 700w, https:\/\/vavmagasinet.se\/wp-content\/uploads\/Tra\u030adspa\u0308nning-724x1024.jpg 724w\" sizes=\"auto, (max-width: 1811px) 100vw, 1811px\" \/><\/a><\/figure><figure class=\"wp-block-image\"><a href=\"http:\/\/en.xn--vvmagasinet-l8a.se\/wp-content\/uploads\/2015\/05\/Matilda-Dominique_mfl_Eng.pdf\" target=\"_blank\" rel=\"noreferrer noopener\"><img loading=\"lazy\" decoding=\"async\" width=\"1050\" height=\"1575\" src=\"https:\/\/vavmagasinet.se\/wp-content\/uploads\/ellen-vadstena_MG_2534.jpg\" alt=\"Matilda-Dominique_mfl_Eng\" class=\"wp-image-10315\" srcset=\"https:\/\/vavmagasinet.se\/wp-content\/uploads\/ellen-vadstena_MG_2534.jpg 1050w, https:\/\/vavmagasinet.se\/wp-content\/uploads\/ellen-vadstena_MG_2534-700x1050.jpg 700w, https:\/\/vavmagasinet.se\/wp-content\/uploads\/ellen-vadstena_MG_2534-682x1024.jpg 682w\" sizes=\"auto, (max-width: 1050px) 100vw, 1050px\" \/><\/a><\/figure><p>More reading about Young Swedish Designers.<\/p><figure class=\"wp-block-image\"><a href=\"http:\/\/en.xn--vvmagasinet-l8a.se\/wp-content\/uploads\/2015\/10\/VM_15_2_Eng_beskr.pdf\" target=\"_blank\" rel=\"noreferrer noopener\"><img decoding=\"async\" src=\"http:\/\/en.xn--vvmagasinet-l8a.se\/wp-content\/uploads\/2015\/05\/VM_15_2_Eng_beskr-1.jpg\" alt=\"VM_15_2_Eng_beskr-1\" class=\"wp-image-1240\"\/><\/a><\/figure><p>As a bonus, a free project!<\/p><hr class=\"wp-block-separator has-css-opacity\"\/><h5 class=\"wp-block-heading\">In issue 1\/2015:<\/h5><p>Download the translated summary of the book&nbsp;<a href=\"http:\/\/en.xn--vvmagasinet-l8a.se\/wp-content\/uploads\/2015\/03\/ThreadArt-translation.pdf\" target=\"_blank\" rel=\"noreferrer noopener\">&#8220;Tr\u00e5dkonst&#8221; (Thread Art)<\/a><\/p><hr class=\"wp-block-separator has-css-opacity\"\/><h5 class=\"wp-block-heading\">In issue 4\/2014:<\/h5><p>Grant recipients:<\/p><p>Hanna Bj\u00f6rklund Olsson, Stockholm\/Leksand<br>Karin Eldforsen, Landskrona<br>Hannah Waldron, Stockholm\/London<br>Read our article from nr 2\/2014:&nbsp;<a href=\"http:\/\/en.xn--vvmagasinet-l8a.se\/wp-content\/uploads\/2014\/12\/Hannah_Waldron_VM-14_2_ENG.pdf\" target=\"_blank\" rel=\"noreferrer noopener\">http:\/\/en.xn--vvmagasinet-l8a.se\/wp-content\/uploads\/2014\/12\/Hannah_Waldron_VM-14_2_ENG.pdf<\/a><br>Emma Frost, Mora<br>Birgitta Nordstr\u00f6m, H\u00f6n\u00f6<br>Read our article from nr 1\/2014:&nbsp;<a href=\"http:\/\/en.xn--vvmagasinet-l8a.se\/wp-content\/uploads\/2014\/05\/vm_14_1_eng_art.pdf\" target=\"_blank\" rel=\"noreferrer noopener\">http:\/\/en.xn--vvmagasinet-l8a.se\/wp-content\/uploads\/2014\/05\/vm_14_1_eng_art.pdf<\/a><br>Johanna Samuelsson, Bor\u00e5s<br>Katja Beckman, Stockholm\/Skara<br>Marie Sundberg, G\u00f6teborg<\/p><hr class=\"wp-block-separator has-css-opacity\"\/><h5 class=\"wp-block-heading\">In issue 3\/2014:<\/h5><p><a href=\"http:\/\/en.xn--vvmagasinet-l8a.se\/wp-content\/uploads\/2014\/09\/VM_2_10_Schaering_eng.pdf\" target=\"_blank\" rel=\"noreferrer noopener\">Read the article &#8220;Dyes from the natural world&#8221; about Jeanette Sch\u00e4ring from V\u00e4vmagasinet 2\/2010!<\/a><\/p><p><a href=\"http:\/\/www.nature.com\/srep\/2013\/131018\/srep02686\/full\/srep02686.html\" target=\"_blank\" rel=\"noreferrer noopener\">Read Git Skoglund&#8217;s scientific report about flax and hemp.<\/a><\/p><p><a href=\"http:\/\/en.xn--vvmagasinet-l8a.se\/wp-content\/uploads\/2014\/08\/VM_12_4_Eng_Git_Skoglund.pdf\" target=\"_blank\" rel=\"noreferrer noopener\">Read also her articles in VM 4\/2012.<\/a><\/p><p><a href=\"http:\/\/en.xn--vvmagasinet-l8a.se\/wp-content\/uploads\/2015\/06\/Karin_Larsson.pdf\" target=\"_blank\" rel=\"noreferrer noopener\">Read our article about Karin Larsson, published in V\u00c4V 2\/04!<\/a><\/p><p><a href=\"http:\/\/en.xn--vvmagasinet-l8a.se\/wp-content\/uploads\/2015\/06\/Karin_Larsson.pdf\" target=\"_blank\" rel=\"noreferrer noopener\"><\/a>\u200b<\/p><p>IN THE 2\/2014 ISSUE OF V\u00c4VMAGASINET:<\/p><p>\u200b<\/p><p>Link to the film about Ousman Sarr<\/p><figure class=\"wp-block-embed is-type-video is-provider-youtube wp-block-embed-youtube wp-embed-aspect-4-3 wp-has-aspect-ratio\"><div class=\"wp-block-embed__wrapper\">\n<iframe loading=\"lazy\" title=\"Tanjeh weaving\" width=\"500\" height=\"375\" src=\"https:\/\/www.youtube.com\/embed\/bZQE2cfp8UE?feature=oembed\" frameborder=\"0\" allow=\"accelerometer; autoplay; clipboard-write; encrypted-media; gyroscope; picture-in-picture; web-share\" referrerpolicy=\"strict-origin-when-cross-origin\" allowfullscreen><\/iframe>\n<\/div><\/figure><p>A program with Aina Cederblom, it is in Swedish only.<\/p><figure class=\"wp-block-embed\"><div class=\"wp-block-embed__wrapper\">\nhttp:\/\/www.svtplay.se\/klipp\/140200\/aina-cecerblom\n<\/div><\/figure><h1 class=\"wp-block-heading\">Blogs<\/h1><p>IN&nbsp; ISSUE 2\/2014 OF V\u00c4VMAGASINET:<\/p><p>Elisabet Jansson, Sweden<\/p><figure class=\"wp-block-embed\"><div class=\"wp-block-embed__wrapper\">\nhttp:\/\/textilainslag.wordpress.com\n<\/div><\/figure><p>Taro Hamano, Japan<\/p><figure class=\"wp-block-embed\"><div class=\"wp-block-embed__wrapper\">\nhttp:\/\/tarohamano.blog.fc2.com\n<\/div><\/figure><p>Hermine Van Dijck, Belgium<\/p><figure class=\"wp-block-embed\"><div class=\"wp-block-embed__wrapper\">\nhttp:\/\/herminevandijck.wordpress.com\n<\/div><\/figure><p>Tommye McClure Scanlin, USA<\/p><figure class=\"wp-block-embed\"><div class=\"wp-block-embed__wrapper\">\nhttp:\/\/tapestry13.blogspot.com\n<\/div><\/figure><p>Karen Barb\u00e9, Chile<\/p><figure class=\"wp-block-embed\"><div class=\"wp-block-embed__wrapper\">\nhttp:\/\/blog.karenbarbe.com\n<\/div><\/figure><p>Utsikt fr\u00e5n V\u00e4vstugan, Birgitta Johansson, Sweden<\/p><figure class=\"wp-block-embed\"><div class=\"wp-block-embed__wrapper\">\nhttp:\/\/birgittavavare.blogspot.se\n<\/div><\/figure><p>Naama, \u00c5sa Martinsson och Martin Eriksson, Sweden<\/p><figure class=\"wp-block-embed\"><div class=\"wp-block-embed__wrapper\">\nhttp:\/\/naama.textilverkstad.se\n<\/div><\/figure><p>Daily Japanese textile, Japan<\/p><figure class=\"wp-block-embed\"><div class=\"wp-block-embed__wrapper\">\nhttp:\/\/dailyjapanesetextile.wordpress.com\n<\/div><\/figure><p>Weave Away, USA<\/p><figure class=\"wp-block-embed\"><div class=\"wp-block-embed__wrapper\">\nhttp:\/\/weave-away.blogspot.com\n<\/div><\/figure><p>other blogs we have found:<\/p><p><strong>Sweden<\/strong><\/p><p>Bobinerna i Bor\u00e5s<\/p><figure class=\"wp-block-embed\"><div class=\"wp-block-embed__wrapper\">\nhttp:\/\/bobinerna.blogspot.com\n<\/div><\/figure><p>Annica N\u00e4slund<\/p><figure class=\"wp-block-embed\"><div class=\"wp-block-embed__wrapper\">\nhttp:\/\/www.acanto.zoomin.se\n<\/div><\/figure><p>Alice, atelj\u00e9n och jag (Alice Lunds Textilier)<\/p><figure class=\"wp-block-embed\"><div class=\"wp-block-embed__wrapper\">\nhttp:\/\/aliceateljenochjag.blogspot.com\n<\/div><\/figure><p>Ankis v\u00e4vblogg<\/p><figure class=\"wp-block-embed\"><div class=\"wp-block-embed__wrapper\">\nhttp:\/\/tuskaft.wordpress.com\n<\/div><\/figure><p>Atelj\u00e9 Svartvitt<\/p><figure class=\"wp-block-embed\"><div class=\"wp-block-embed__wrapper\">\nhttp:\/\/www.ateljesvartvitt.blogspot.se\n<\/div><\/figure><p>Hanna leker<\/p><figure class=\"wp-block-embed\"><div class=\"wp-block-embed__wrapper\">\nhttp:\/\/hannaleker.blogspot.se\n<\/div><\/figure><p>Hannas v\u00e4vstol<\/p><figure class=\"wp-block-embed\"><div class=\"wp-block-embed__wrapper\">\nhttp:\/\/hannasvavstol.wordpress.com\n<\/div><\/figure><p>Hemma hos S<\/p><figure class=\"wp-block-embed\"><div class=\"wp-block-embed__wrapper\">\nhttp:\/\/hemmahoss.blogspot.se\n<\/div><\/figure><p>Hemv\u00e4vt<\/p><figure class=\"wp-block-embed\"><div class=\"wp-block-embed__wrapper\">\nhttp:\/\/hemv\u00e4vt.net\n<\/div><\/figure><p>Inspir<\/p><figure class=\"wp-block-embed\"><div class=\"wp-block-embed__wrapper\">\nhttp:\/\/inspir-meta.blogspot.se\n<\/div><\/figure><p>Kerstin\u00b4s Extras<\/p><figure class=\"wp-block-embed\"><div class=\"wp-block-embed__wrapper\">\nhttp:\/\/oddweavings.blogspot.se\n<\/div><\/figure><p>Loppberga \u2013 trasor och inspiration<\/p><figure class=\"wp-block-embed\"><div class=\"wp-block-embed__wrapper\">\nhttp:\/\/loppberga.blogspot.se\n<\/div><\/figure><p>Mellansystern<\/p><figure class=\"wp-block-embed\"><div class=\"wp-block-embed__wrapper\">\nhttp:\/\/babsan-mellansystern.blogspot.se\n<\/div><\/figure><p>Mina fingrars verk<\/p><figure class=\"wp-block-embed\"><div class=\"wp-block-embed__wrapper\">\nhttp:\/\/www.minafingrarsverk.blogspot.se\n<\/div><\/figure><p>Min hobby<\/p><figure class=\"wp-block-embed\"><div class=\"wp-block-embed__wrapper\">\nhttp:\/\/irens-hobby.blogspot.se\n<\/div><\/figure><p>Minnas roseng\u00e5ng<\/p><figure class=\"wp-block-embed\"><div class=\"wp-block-embed__wrapper\">\nhttp:\/\/minnasrosengang.blogspot.se\n<\/div><\/figure><p>Re Rag Rug<\/p><figure class=\"wp-block-embed\"><div class=\"wp-block-embed__wrapper\">\nhttp:\/\/www.reragrug.blogspot.se\n<\/div><\/figure><p>Ringvor i Reng\u00e5rd<\/p><figure class=\"wp-block-embed\"><div class=\"wp-block-embed__wrapper\">\nhttp:\/\/www.ringvor.blogspot.se\n<\/div><\/figure><p>Solvnotan<\/p><figure class=\"wp-block-embed\"><div class=\"wp-block-embed__wrapper\">\nhttp:\/\/solvnotan.blogspot.dk\n<\/div><\/figure><p>Toras V\u00e4vstol<\/p><figure class=\"wp-block-embed\"><div class=\"wp-block-embed__wrapper\">\nhttp:\/\/torasvavstol.blogspot.se\n<\/div><\/figure><p>Ullemors Verkstad<\/p><figure class=\"wp-block-embed\"><div class=\"wp-block-embed__wrapper\">\nhttp:\/\/ullemorsverkstad.se\n<\/div><\/figure><p>V\u00e4vf\u00f6reningen Kulturarvet<\/p><figure class=\"wp-block-embed\"><div class=\"wp-block-embed__wrapper\">\nhttp:\/\/www.kulturarvet.blogspot.se\n<\/div><\/figure><p><strong>Great Britain UK<\/strong><\/p><p>Holly Berry<\/p><figure class=\"wp-block-embed\"><div class=\"wp-block-embed__wrapper\">\nhttp:\/\/hollyberryideasdesign.blogspot.co.uk\n<\/div><\/figure><p>The British Tapestry Group<\/p><figure class=\"wp-block-embed\"><div class=\"wp-block-embed__wrapper\">\nhttp:\/\/www.thebritishtapestrygroup.co.uk\n<\/div><\/figure><p>The Weave Shed<\/p><figure class=\"wp-block-embed\"><div class=\"wp-block-embed__wrapper\">\nhttp:\/\/www.theweaveshed.org\n<\/div><\/figure><p><strong>USA<\/strong><\/p><p>Alice Schlein<\/p><figure class=\"wp-block-embed\"><div class=\"wp-block-embed__wrapper\">\nhttp:\/\/weaverly.typepad.com\/weaverly\n<\/div><\/figure><p>American Tapestry Alliance<\/p><figure class=\"wp-block-embed-wordpress wp-block-embed is-type-wp-embed is-provider-american-tapestry-alliance\"><div class=\"wp-block-embed__wrapper\">\n<blockquote class=\"wp-embedded-content\" data-secret=\"98aLGNxx5p\"><a href=\"https:\/\/www.americantapestryalliance.org\/\">Home<\/a><\/blockquote><iframe loading=\"lazy\" class=\"wp-embedded-content\" sandbox=\"allow-scripts\" security=\"restricted\" style=\"position: absolute; visibility: hidden;\" title=\"&#8220;Home&#8221; &#8212; American-Tapestry-Alliance\" src=\"https:\/\/www.americantapestryalliance.org\/embed\/#?secret=dx1e0ASoPo#?secret=98aLGNxx5p\" data-secret=\"98aLGNxx5p\" width=\"500\" height=\"282\" frameborder=\"0\" marginwidth=\"0\" marginheight=\"0\" scrolling=\"no\"><\/iframe>\n<\/div><\/figure><p>Kris Peters<\/p><figure class=\"wp-block-embed\"><div class=\"wp-block-embed__wrapper\">\nhttp:\/\/krispeters.blogspot.se\n<\/div><\/figure><p>Sandra\u00b4s Loom Blog<\/p><figure class=\"wp-block-embed\"><div class=\"wp-block-embed__wrapper\">\nhttp:\/\/sandrarude.blogspot.se\n<\/div><\/figure><p>Tien Chiu<\/p><figure class=\"wp-block-embed\"><div class=\"wp-block-embed__wrapper\">\nhttp:\/\/www.tienchiu.com\/category\/blog-posts\n<\/div><\/figure><p>Thistle Rose Weaving<\/p><figure class=\"wp-block-embed\"><div class=\"wp-block-embed__wrapper\">\nhttp:\/\/tandrhandweaving.blogspot.se\n<\/div><\/figure><p><strong>Japan<\/strong><\/p><p>Japanese Textile Workshops<\/p><figure class=\"wp-block-embed\"><div class=\"wp-block-embed__wrapper\">\nhttp:\/\/japanesetextileworkshops.blogspot.se\n<\/div><\/figure><p>Kawashima Textile School Blog<\/p><figure class=\"wp-block-embed\"><div class=\"wp-block-embed__wrapper\">\nhttp:\/\/kawashimatextileschool.blogspot.se\n<\/div><\/figure><figure class=\"wp-block-embed\"><div class=\"wp-block-embed__wrapper\">\nhttp:\/\/dalahast.exblog.jp\n<\/div><\/figure><p><strong>Denmark<\/strong><\/p><p>Mette Fr\u00f8kj\u00e6r<\/p><figure class=\"wp-block-embed\"><div class=\"wp-block-embed__wrapper\">\nhttp:\/\/vaeveren.blogspot.com\n<\/div><\/figure><p><strong>Poland<\/strong><\/p><p>Tkackie Historie \/ Weavers Chronicle&#8217;s<\/p><p>New! Now in both Polish and English!<\/p><figure class=\"wp-block-embed\"><div class=\"wp-block-embed__wrapper\">\nhttp:\/\/www.weaverschronicles.com\/Finland\n<\/div><\/figure><p>Hibernaatiopes\u00e4ke<\/p><figure class=\"wp-block-embed\"><div class=\"wp-block-embed__wrapper\">\nhttp:\/\/hibernaatio.blogspot.se\n<\/div><\/figure>","protected":false},"excerpt":{"rendered":"<p>Read and see In issue 4\/2019 Read the article about schools and courses from issue #3\/2019. In issue 3\/2019 Read the article about Pasi V\u00e4limaas Rya. Sewing descriptions In issue 2\/2019 Read the article about Axel Becker from issue #2\/2009. Indigo dyeing (issue #2\/2017) Sewing instruction for the coat on page 52 (in Swedish) in&#8230;  <a class=\"excerpt-read-more\" href=\"https:\/\/vavmagasinet.se\/en\/more-weaving\/\" title=\"ReadMore weaving\">Read more &raquo;<\/a><\/p>\n","protected":false},"author":1,"featured_media":0,"parent":0,"menu_order":6,"comment_status":"closed","ping_status":"closed","template":"","meta":{"_acf_changed":false,"footnotes":""},"class_list":["post-11814","page","type-page","status-publish","hentry"],"acf":[],"_links":{"self":[{"href":"https:\/\/vavmagasinet.se\/en\/wp-json\/wp\/v2\/pages\/11814","targetHints":{"allow":["GET"]}}],"collection":[{"href":"https:\/\/vavmagasinet.se\/en\/wp-json\/wp\/v2\/pages"}],"about":[{"href":"https:\/\/vavmagasinet.se\/en\/wp-json\/wp\/v2\/types\/page"}],"author":[{"embeddable":true,"href":"https:\/\/vavmagasinet.se\/en\/wp-json\/wp\/v2\/users\/1"}],"replies":[{"embeddable":true,"href":"https:\/\/vavmagasinet.se\/en\/wp-json\/wp\/v2\/comments?post=11814"}],"version-history":[{"count":2,"href":"https:\/\/vavmagasinet.se\/en\/wp-json\/wp\/v2\/pages\/11814\/revisions"}],"predecessor-version":[{"id":15597,"href":"https:\/\/vavmagasinet.se\/en\/wp-json\/wp\/v2\/pages\/11814\/revisions\/15597"}],"wp:attachment":[{"href":"https:\/\/vavmagasinet.se\/en\/wp-json\/wp\/v2\/media?parent=11814"}],"curies":[{"name":"wp","href":"https:\/\/api.w.org\/{rel}","templated":true}]}}