{"id":11798,"date":"2020-10-31T14:28:53","date_gmt":"2020-10-31T13:28:53","guid":{"rendered":"https:\/\/vavmagasinet.se\/?page_id=11798"},"modified":"2025-10-13T11:36:39","modified_gmt":"2025-10-13T09:36:39","slug":"ads","status":"publish","type":"page","link":"https:\/\/vavmagasinet.se\/en\/ads\/","title":{"rendered":"Ads in 2025"},"content":{"rendered":"<p><strong>Ashford Wheels &amp; Looms<\/strong> <br><a href=\"https:\/\/www.ashford.co.nz\" target=\"_blank\" rel=\"noreferrer noopener\"><strong>ashford.co.nz<\/strong><\/a><\/p><p><strong>AK:s Snickeri<\/strong> <br><a href=\"https:\/\/www.akssnickeri.se\/\" target=\"_blank\" rel=\"noreferrer noopener\"><strong>akssnickeri.se<\/strong><\/a><\/p><p><strong>Blomqvist\/Nordiska<\/strong> <br><a href=\"https:\/\/www.blomqvistgarn.se\/\"><strong>blomqvistgarn.se<\/strong><\/a><\/p><p><strong>F\u00e4rgkraft<\/strong> <br><a href=\"https:\/\/fargkraft.com\" target=\"_blank\" rel=\"noreferrer noopener\"><strong>fargkraft.com<\/strong><\/a><br><br><strong>Garnhuset i Kinna \/ Garnf\u00e4rgeriet AB<\/strong> <br><a href=\"https:\/\/www.garnhusetkinna.se\/\" target=\"_blank\" rel=\"noreferrer noopener\"><strong>Garnhusetkinna.se<\/strong><\/a><\/p><p><strong>george weil<\/strong> <br><a href=\"https:\/\/www.georgeweil.com\" target=\"_blank\" rel=\"noreferrer noopener\"><strong>georgeweil.com<\/strong><\/a><\/p><p><strong>Habu Textile<\/strong> <br><a href=\"https:\/\/www.habutextiles.com\/\" target=\"_blank\" rel=\"noreferrer noopener\"><strong>habutextiles.com<\/strong><\/a><\/p><p><strong>Hemsl\u00f6jden i Sk\u00e5ne<\/strong> <br><a href=\"https:\/\/hemslojdeniskane.se\/\"><strong>hemslojdeniskane.se<\/strong><\/a><\/p><p><strong>The Handweavers Studio in London: <\/strong><br><a href=\"https:\/\/www.handweavers.co.uk\/\" target=\"_blank\" rel=\"noreferrer noopener\"><strong>handweavers.co.uk<\/strong><\/a><\/p><p><strong>Halcyon Yarn<\/strong> <br><a href=\"https:\/\/halcyonyarn.com\/\"><strong>halcyonyarn.com<\/strong><\/a><\/p><p><strong>The Journal<\/strong> <br><a href=\"https:\/\/www.wsd.org.uk\/the-journal\/\" target=\"_blank\" rel=\"noreferrer noopener\"><strong>wsd.org.uk\/the-journal<\/strong><\/a><\/p><p><strong>Karin \u00d6berg\/Kalinka garn <\/strong><br><a href=\"https:\/\/www.karinoberg.se\"><strong>karinoberg.se<\/strong><\/a><\/p><p><strong>Magiske garner<\/strong> <br><a href=\"https:\/\/www.magiskegarner.dk\" target=\"_blank\" rel=\"noreferrer noopener\"><strong>magiskegarner.dk<\/strong><\/a><\/p><p><strong>Martinsson &amp; Eriksson<\/strong> <br><a href=\"https:\/\/www.m-e.se\/\" target=\"_blank\" rel=\"noreferrer noopener\"><strong>www.m-e.se<\/strong><\/a><br><a href=\"http:\/\/www.textilverkstad.se\" target=\"_blank\" rel=\"noreferrer noopener\"><strong>Textilverkstad.<\/strong><\/a> V\u00e4vning i medeltidsliv och nutidsliv.<br><a href=\"http:\/\/www.kyrkotextil.se\" target=\"_blank\" rel=\"noreferrer noopener\"><strong>Kyrkotextil<\/strong><\/a>. Hemsida om kyrkotextil.<\/p><p><strong>Matt-Seppo<\/strong> <br><a href=\"https:\/\/www.mattseppo.se\"><strong>m<\/strong><\/a><a href=\"https:\/\/www.mattseppo.se\" target=\"_blank\" rel=\"noreferrer noopener\"><strong>attseppo.se<\/strong><\/a><\/p><p><strong>Sj\u00f6alyckans silke<\/strong><br><a href=\"https:\/\/sjoalyckanssilke.se\/\" target=\"_blank\" rel=\"noreferrer noopener\"><strong>sjoalyckanssilke.se<\/strong><\/a><\/p><p><strong>Skytten<\/strong><br><a href=\"https:\/\/skytten-danmark.dk\" target=\"_blank\" rel=\"noreferrer noopener\"><strong>skytten-danmark.dk<\/strong><\/a><\/p><p><strong>Tekstilmakeriet<\/strong> <br><a href=\"https:\/\/www.tekstilmakeriet.no\/\" target=\"_blank\" rel=\"noreferrer noopener\"><strong>tekstilmakeriet.no<\/strong><\/a><\/p><p><strong>Texsolv<\/strong><br><a href=\"https:\/\/texsolv.se\/\" target=\"_blank\" rel=\"noreferrer noopener\"><strong>texsolv.se<\/strong><\/a><\/p><p><strong>Toika<\/strong><br><a href=\"https:\/\/www.toika.com\" target=\"_blank\" rel=\"noreferrer noopener\"><strong>toika.com<\/strong><\/a><\/p><p><strong>Ullkraft AB<\/strong><br>V\u00e4nn\u00e4sv\u00e4gen 11<br>916 31 Bjurholm<br>Tel. +46 (0) 932 106 37<\/p><p><strong>Venne Colcoton<\/strong> <br><a href=\"https:\/\/www.vennecolcoton.com\" target=\"_blank\" rel=\"noreferrer noopener\"><strong>vennecolcoton.com<\/strong><\/a><\/p><p><strong>V\u00e4vstuga<\/strong> <br><a href=\"https:\/\/vavstuga.com\"><strong>v<\/strong><\/a><a href=\"https:\/\/vavstuga.com\" target=\"_blank\" rel=\"noreferrer noopener\"><strong>avstuga.com<\/strong><\/a><\/p><p><strong>Weft Blown<\/strong> <br><a href=\"https:\/\/www.weftblown.com\/\" target=\"_blank\" rel=\"noreferrer noopener\"><strong>weftblown.com<\/strong><\/a><\/p><p><strong>V\u00e4vhalla<\/strong> <br><a href=\"https:\/\/www.vavhalla.se\" target=\"_blank\" rel=\"noreferrer noopener\"><strong>vavhalla.se<\/strong><\/a><\/p><p><strong>\u00d6sterg\u00f6tlands Ullspinneri <\/strong><br><a href=\"https:\/\/ullspinneriet.se\" target=\"_blank\" rel=\"noreferrer noopener\"><strong>ullspinneriet.se<\/strong><\/a><\/p><h1 class=\"wp-block wp-block-post-title block-editor-block-list__block editor-post-title editor-post-title__input rich-text\" role=\"textbox\" contenteditable=\"true\" aria-label=\"L\u00e4gg till rubrik\" aria-multiline=\"true\">Retailers<\/h1>\n<p>Sweden:<br \/><strong>Hemsl\u00f6jden i \u00d6sterg\u00f6tland<\/strong>, <a href=\"http:\/\/hemslojdeniostergotland.se\">hemslojdeniostergotland.se<\/a><br \/><strong>Hemsl\u00f6jden i Sk\u00e5ne<\/strong>, <a href=\"https:\/\/hemslojdeniskane.se\/\">hemslojdeniskane.se<\/a><br \/><strong>Svensk Hemsl\u00f6jd<\/strong>, <a href=\"http:\/\/svenskhemslojd.com\">svenskhemslojd.com<\/a><br \/><strong>Almgrens Sidenv\u00e4veri<\/strong>,<a href=\"https:\/\/www.kasiden.se\/\"> kasiden.se<\/a><br \/><strong>Press Stop<\/strong> <a href=\"http:\/\/webshop.pressbyran.se\/webbshop\/tidningar\/\">webshop.pressbyran.se\/webbshop\/tidningar<\/a><br \/>och i ett antal fysiska butiker, exempelvis Stockholms Central.<\/p>\n<p><a href=\"http:\/\/www.garnhusetkinna.se\" target=\"_blank\" rel=\"noopener noreferrer\"><!-- \/wp:paragraph --> <!-- wp:paragraph --><\/a><\/p>\n<p>Denmark:<br \/><strong>Skytten,<\/strong> <a href=\"https:\/\/skytten-danmark.dk\" target=\"_blank\" rel=\"noreferrer noopener\">skytten-danmark.dk<\/a><br \/><strong>Spindelv\u00e6ven,<\/strong> <a href=\"https:\/\/spindelvaeven.dk\/\" target=\"_blank\" rel=\"noreferrer noopener\">spindelvaeven.dk<\/a><\/p>\n<p>Schweiz:<br \/><strong>Z\u00fcrcher Stalder AG,<\/strong> <a href=\"https:\/\/zsag.ch\/\" target=\"_blank\" rel=\"noreferrer noopener\">zsag.ch<\/a><\/p>\n<p><a href=\"http:\/\/www.garnhusetkinna.se\" target=\"_blank\" rel=\"noopener noreferrer\"><!-- \/wp:paragraph --> <!-- wp:paragraph --><\/a><\/p>\n<p>UK:<br \/><strong>George Weil<\/strong>, <a href=\"https:\/\/www.georgeweil.com\" target=\"_blank\" rel=\"noreferrer noopener\">georgeweil.com<\/a><br \/><strong>The Handweavers Studio in London<\/strong>, <a href=\"https:\/\/www.handweavers.co.uk\/\" target=\"_blank\" rel=\"noreferrer noopener\">handweavers.co.uk<\/a><br \/><strong>Weft Blown<\/strong>, <a href=\"https:\/\/www.weftblown.com\/\" target=\"_blank\" rel=\"noreferrer noopener\">weftblown.com<\/a><\/p>\n<p><a href=\"http:\/\/www.garnhusetkinna.se\" target=\"_blank\" rel=\"noopener noreferrer\"><!-- \/wp:paragraph --> <!-- wp:paragraph --><\/a><\/p>\n<p>Australia:<br \/><strong>Glenora Weaving &amp; Wool,\u00a0<\/strong><a href=\"https:\/\/www.glenoraweaving.com.au\/shop\" target=\"_blank\" rel=\"noreferrer noopener\">glenoraweaving.com.au<\/a><\/p>\n<p><a href=\"http:\/\/www.garnhusetkinna.se\" target=\"_blank\" rel=\"noopener noreferrer\"><!-- \/wp:paragraph --> <!-- wp:paragraph --><\/a><\/p>\n<p>USA:<br \/><strong>Glimakra USA, <\/strong><a href=\"https:\/\/www.glimakrausa.com\/\" target=\"_blank\" rel=\"noreferrer noopener\">glimakrausa.com<\/a><br \/><strong>Lone Star Loom Room,<\/strong><a href=\"https:\/\/www.lonestarloomroom.com\/pages\/contact-us\"> lonestarloomroom.com<\/a><br \/><strong>Halcyon Yarn,<\/strong> <a href=\"https:\/\/halcyonyarn.com\/\" target=\"_blank\" rel=\"noreferrer noopener\">halcyonyarn.com<\/a><br \/><strong>Webs \u2013 American&#8217;s Yarn Store, <\/strong><a href=\"https:\/\/www.yarn.com\/\" target=\"_blank\" rel=\"noreferrer noopener\">yarn.com<\/a><br \/><strong>Fiberwood Studio Ltd, <\/strong><a href=\"https:\/\/fiberwoodstudio.com\" target=\"_blank\" rel=\"noreferrer noopener\">fiberwoodstudio.com<\/a><br \/><strong>Spinnin&#8217; Yarns,<\/strong><a href=\"https:\/\/www.spinninyarns.com\/\"> spinninyarns.com<\/a><strong><br \/><\/strong><\/p>\n<p><a href=\"http:\/\/www.garnhusetkinna.se\" target=\"_blank\" rel=\"noopener noreferrer\"><!-- \/wp:paragraph --> <!-- wp:paragraph --><\/a><\/p>\n<p>Portugal:<br \/><strong>Rosa Pomar Lda<\/strong>, <a href=\"https:\/\/retrosaria.rosapomar.com\/\" target=\"_blank\" rel=\"noreferrer noopener\">retrosaria.rosapomar.com<\/a><\/p>\n<p><a href=\"http:\/\/www.garnhusetkinna.se\" target=\"_blank\" rel=\"noopener noreferrer\"><!-- \/wp:paragraph --> <!-- wp:paragraph --><\/a><\/p>\n<p>Japan:<br \/><strong>Teoriya, <\/strong><a href=\"https:\/\/teori-ya.com\" target=\"_blank\" rel=\"noreferrer noopener\">teori-ya.com<\/a><br \/><strong>Atelier Nako, <\/strong><a href=\"https:\/\/ateliernako.com\/\" target=\"_blank\" rel=\"noreferrer noopener\">ateliernako.com<\/a><br \/><strong>NPO Yamanashi Hemsl\u00f6jd, <\/strong><a href=\"https:\/\/yhi1971.org\/\" target=\"_blank\" rel=\"noopener\">yhi.1971.org<\/a><strong><br \/>Workshop Kin No Hitsuji, <\/strong><a href=\"http:\/\/hitsuji.co.jp\">hitsuji.co.jp<\/a><strong><br \/><\/strong><\/p>\n<p><a href=\"http:\/\/www.garnhusetkinna.se\" target=\"_blank\" rel=\"noopener noreferrer\"><!-- \/wp:paragraph -->\u00a0<\/a><\/p>\n<p><map name=\"page4\">\u00a0 <\/map>\n<map name=\"page4\">\u00a0<\/map>\n<\/p>\n<p><a title=\"F\u00e4rgkraft\" href=\"http:\/\/www.fargkraft.com\" target=\"_blank\" rel=\"noopener noreferrer\">\u00a0<\/a><\/p>\n<p><a href=\"http:\/\/www.vaevekredsene.dk\" target=\"_blank\" rel=\"noopener noreferrer\">\u00a0<\/a><\/p>","protected":false},"excerpt":{"rendered":"<p>Ashford Wheels &amp; Looms ashford.co.nz AK:s Snickeri akssnickeri.se Blomqvist\/Nordiska blomqvistgarn.se F\u00e4rgkraft fargkraft.com Garnhuset i Kinna \/ Garnf\u00e4rgeriet AB Garnhusetkinna.se george weil georgeweil.com Habu Textile habutextiles.com Hemsl\u00f6jden i Sk\u00e5ne hemslojdeniskane.se The Handweavers Studio in London: handweavers.co.uk Halcyon Yarn halcyonyarn.com The Journal wsd.org.uk\/the-journal Karin \u00d6berg\/Kalinka garn karinoberg.se Magiske garner magiskegarner.dk Martinsson &amp; Eriksson www.m-e.seTextilverkstad. V\u00e4vning i medeltidsliv&#8230;  <a class=\"excerpt-read-more\" href=\"https:\/\/vavmagasinet.se\/en\/ads\/\" title=\"ReadAds in 2025\">Read more &raquo;<\/a><\/p>\n","protected":false},"author":1,"featured_media":0,"parent":0,"menu_order":10,"comment_status":"closed","ping_status":"closed","template":"","meta":{"_acf_changed":false,"footnotes":""},"class_list":["post-11798","page","type-page","status-publish","hentry"],"acf":[],"_links":{"self":[{"href":"https:\/\/vavmagasinet.se\/en\/wp-json\/wp\/v2\/pages\/11798","targetHints":{"allow":["GET"]}}],"collection":[{"href":"https:\/\/vavmagasinet.se\/en\/wp-json\/wp\/v2\/pages"}],"about":[{"href":"https:\/\/vavmagasinet.se\/en\/wp-json\/wp\/v2\/types\/page"}],"author":[{"embeddable":true,"href":"https:\/\/vavmagasinet.se\/en\/wp-json\/wp\/v2\/users\/1"}],"replies":[{"embeddable":true,"href":"https:\/\/vavmagasinet.se\/en\/wp-json\/wp\/v2\/comments?post=11798"}],"version-history":[{"count":14,"href":"https:\/\/vavmagasinet.se\/en\/wp-json\/wp\/v2\/pages\/11798\/revisions"}],"predecessor-version":[{"id":15793,"href":"https:\/\/vavmagasinet.se\/en\/wp-json\/wp\/v2\/pages\/11798\/revisions\/15793"}],"wp:attachment":[{"href":"https:\/\/vavmagasinet.se\/en\/wp-json\/wp\/v2\/media?parent=11798"}],"curies":[{"name":"wp","href":"https:\/\/api.w.org\/{rel}","templated":true}]}}