{"id":11792,"date":"2020-10-31T14:25:04","date_gmt":"2020-10-31T13:25:04","guid":{"rendered":"https:\/\/vavmagasinet.se\/?page_id=11792"},"modified":"2026-01-06T14:17:58","modified_gmt":"2026-01-06T13:17:58","slug":"german-translation-deutsche-ubersetzung","status":"publish","type":"page","link":"https:\/\/vavmagasinet.se\/en\/german-translation-deutsche-ubersetzung\/","title":{"rendered":"German Translation \/ Deutsche \u00dcbersetzung"},"content":{"rendered":"<p><span style=\"color: #000000;\">Hier finden Sie Deutsche \u00dcbersetzungen f\u00fcr V\u00c4Vmagasinet<\/span><\/p>\n<p><a href=\"https:\/\/vavmagasinet.se\/wp-content\/uploads\/VAV4-2025Deutsch.pdf\" target=\"_blank\" rel=\"noopener\">Nr 4 2025-Deutsche \u00dcbersetzung hier<\/a><\/p>\n<p><a href=\"https:\/\/vavmagasinet.se\/wp-content\/uploads\/VAV3-2025Deutsch.pdf\">Nr 3 2025-Deutsche \u00dcbersetzung hier<\/a><\/p>\n<p><a href=\"https:\/\/vavmagasinet.se\/wp-content\/uploads\/VAV2-2025Deutsch.pdf\">Nr 2 2025-Deutsche \u00dcbersetzung hier<\/a><\/p>\n<p><a href=\"https:\/\/vavmagasinet.se\/wp-content\/uploads\/VAV1-2025Deutsch.pdf\">Nr 1 2025-Deutsche \u00dcbersetzung hier<\/a><\/p>\n<p><a href=\"https:\/\/vavmagasinet.se\/wp-content\/uploads\/VAV4-2024Deutsch.pdf\" target=\"_blank\" rel=\"noopener\">Nr 4 2024 -Deutsche \u00dcbersetzung hier<\/a><\/p>\n<p><a href=\"https:\/\/vavmagasinet.se\/wp-content\/uploads\/VAV3-2024Deutsch.pdf\" target=\"_blank\" rel=\"noopener\">Nr 3 2024 -Deutsche \u00dcbersetzung hier<\/a><\/p>\n<p><a href=\"https:\/\/vavmagasinet.se\/wp-content\/uploads\/VAV2-2024Deutsch.pdf\" target=\"_blank\" rel=\"noopener\">Nr 2 2024 -Deutsche \u00dcbersetzung hier<\/a><\/p>\n<p><a href=\"https:\/\/vavmagasinet.se\/wp-content\/uploads\/VAV1-2024Deutsch.pdf\" target=\"_blank\" rel=\"noopener noreferrer\">Nr 1 2024 -Deutsche \u00dcbersetzung hier<\/a><\/p>\n<p><a href=\"https:\/\/vavmagasinet.se\/wp-content\/uploads\/VAV4-2023Deutsch.pdf\" target=\"_blank\" rel=\"noopener noreferrer\">Nr 4 2023 -Deutsche \u00dcbersetzung hier<\/a><\/p>\n<p><a href=\"https:\/\/vavmagasinet.se\/wp-content\/uploads\/VAV3-2023Deutsch.pdf\" target=\"_blank\" rel=\"noopener noreferrer\">Nr 3 2023 -Deutsche \u00dcbersetzung hier<\/a><\/p>\n<p><a href=\"https:\/\/vavmagasinet.se\/wp-content\/uploads\/VAV2-2023Deutsch.pdf\" target=\"_blank\" rel=\"noopener noreferrer\">Nr 2 2023 -Deutsche \u00dcbersetzung hier<\/a><\/p>\n<p><a href=\"https:\/\/vavmagasinet.se\/wp-content\/uploads\/VAV1-2023Deutsch.pdf\" target=\"_blank\" rel=\"noopener noreferrer\">Nr 1 2023 -Deutsche \u00dcbersetzung hier<\/a><\/p>\n<p><a href=\"https:\/\/vavmagasinet.se\/wp-content\/uploads\/VAV4-2022Deutsch.pdf\" target=\"_blank\" rel=\"noopener noreferrer\">Nr 4 2022 -Deutsche \u00dcbersetzung hier<\/a><\/p>\n<p><a href=\"https:\/\/vavmagasinet.se\/wp-content\/uploads\/VAV3-2022Deutsch.pdf\" target=\"_blank\" rel=\"noopener noreferrer\">Nr 3 2022 -Deutsche \u00dcbersetzung hier<\/a><\/p>\n<p><a href=\"https:\/\/vavmagasinet.se\/wp-content\/uploads\/VAV2-2022Deutsch.pdf\" target=\"_blank\" rel=\"noopener noreferrer\">Nr 2 2022 -Deutsche \u00dcbersetzung hier<\/a><\/p>\n<p><a href=\"https:\/\/vavmagasinet.se\/wp-content\/uploads\/VAV1-2022Deutsch.pdf\" target=\"_blank\" rel=\"noopener noreferrer\">Nr 1 2022 -Deutsche \u00dcbersetzung hier<\/a><\/p>\n<p><a href=\"https:\/\/vavmagasinet.se\/wp-content\/uploads\/VAV4-2021Deutsch.pdf\" target=\"_blank\" rel=\"noopener noreferrer\">Nr 4 2021 -Deutsche \u00dcbersetzung hier<\/a><\/p>\n<p><a href=\"https:\/\/vavmagasinet.se\/wp-content\/uploads\/VAV3-2021Deutsch.pdf\" target=\"_blank\" rel=\"noopener noreferrer\">Nr 3 2021 -Deutsche \u00dcbersetzung hier<\/a><\/p>\n<p><a href=\"https:\/\/vavmagasinet.se\/wp-content\/uploads\/VAV2-2021Deutsch.pdf\" target=\"_blank\" rel=\"noopener noreferrer\">Nr 2 2021 -Deutsche \u00dcbersetzung hier<\/a><\/p>\n<p><a href=\"https:\/\/vavmagasinet.se\/wp-content\/uploads\/VAV1-2021Deutsch.pdf\" target=\"_blank\" rel=\"noopener noreferrer\">Nr 1 2021 -Deutsche \u00dcbersetzung hier<\/a><\/p>\n<p><a href=\"https:\/\/vavmagasinet.se\/wp-content\/uploads\/VAV4-2020Deutsch.pdf\" target=\"_blank\" rel=\"noopener noreferrer\">Nr 4 2020 -Deutsche \u00dcbersetzung hier<\/a><\/p>\n<p><a href=\"https:\/\/vavmagasinet.se\/wp-content\/uploads\/VAV3-2020Deutsch.pdf\" target=\"_blank\" rel=\"noopener noreferrer\">Nr 3 2020 -Deutsche \u00dcbersetzung hier<\/a><\/p>\n<p><a href=\"https:\/\/vavmagasinet.se\/wp-content\/uploads\/VAV2-2020Deutsch.pdf\" target=\"_blank\" rel=\"noopener noreferrer\">Nr 2 2020 -Deutsche \u00dcbersetzung hier<\/a><\/p>\n<p><a href=\"https:\/\/vavmagasinet.se\/wp-content\/uploads\/VAV1-2020Deutsch.pdf\" target=\"_blank\" rel=\"noopener noreferrer\">Nr 1 2020 -Deutsche \u00dcbersetzung hier<\/a><\/p>\n<p><a href=\"https:\/\/vavmagasinet.se\/wp-content\/uploads\/VAV4-2019Deutsch.pdf\" target=\"_blank\" rel=\"noopener noreferrer\">Nr 4 2019 -Deutsche \u00dcbersetzung hier<\/a><\/p>\n<p><a href=\"https:\/\/vavmagasinet.se\/wp-content\/uploads\/VAV3-2019Deutsch.pdf\" target=\"_blank\" rel=\"noopener noreferrer\">Nr 3 2019 -Deutsche \u00dcbersetzung hier<\/a><\/p>\n<p><a href=\"https:\/\/vavmagasinet.se\/wp-content\/uploads\/VAV2-2019Deutsch.pdf\" target=\"_blank\" rel=\"noopener noreferrer\">Nr 2 2019 &#8211; Deutsche \u00dcbersetzung hier<\/a><\/p>\n<p><a href=\"https:\/\/vavmagasinet.se\/wp-content\/uploads\/VAV1-2019Deutsch.pdf\" target=\"_blank\" rel=\"noopener noreferrer\">Nr 1 2019 &#8211; Deutsche \u00dcbersetzung hier<\/a><\/p>\n<p><a href=\"https:\/\/vavmagasinet.se\/wp-content\/uploads\/VAV4-2018Deutsch.pdf\" target=\"_blank\" rel=\"noopener noreferrer\">Nr 4 2018 &#8211; Deutsche \u00dcbersetzung hier<\/a><\/p>\n<p><a href=\"https:\/\/vavmagasinet.se\/wp-content\/uploads\/VAV3-2018Deutsch.pdf\" target=\"_blank\" rel=\"noopener noreferrer\">Nr 3 2018 &#8211; Deutsche \u00dcbersetzung hier<\/a><\/p>\n<p><a href=\"https:\/\/vavmagasinet.se\/wp-content\/uploads\/VAV2-2018Deutsch.pdf\" target=\"_blank\" rel=\"noopener noreferrer\">Nr 2 2018 &#8211; Deutsche \u00dcbersetzung hier<\/a><\/p>\n<p><a href=\"https:\/\/vavmagasinet.se\/wp-content\/uploads\/VAV1-2018Deutsch.pdf\" target=\"_blank\" rel=\"noopener noreferrer\">Nr 1 2018 &#8211; Deutsche \u00dcbersetzung hier<\/a><\/p>\n<p><a href=\"https:\/\/vavmagasinet.se\/wp-content\/uploads\/VAV4-2017Deutsch.pdf\" target=\"_blank\" rel=\"noopener noreferrer\">Nr 4 2017 &#8211; Deutsche \u00dcbersetzung hier<\/a><\/p>\n<p><a href=\"https:\/\/vavmagasinet.se\/wp-content\/uploads\/VAV3-2017Deutsch.pdf\" target=\"_blank\" rel=\"noopener noreferrer\">Nr 3 2017 &#8211; Deutsche \u00dcbersetzung hier<\/a><\/p>\n<p><a href=\"https:\/\/vavmagasinet.se\/wp-content\/uploads\/VAV2-2017Deutsch.pdf\" target=\"_blank\" rel=\"noopener noreferrer\">Nr 2\u00a02017 &#8211; Deutsche \u00dcbersetzung hier<\/a><\/p>\n<p><a href=\"https:\/\/vavmagasinet.se\/wp-content\/uploads\/VAV1-2017Deutsch.pdf\" target=\"_blank\" rel=\"noopener noreferrer\">Nr 1 2017 &#8211; Deutsche \u00dcbersetzung hier<\/a><\/p>\n<p><a href=\"https:\/\/vavmagasinet.se\/wp-content\/uploads\/VM4-16Deutsch.pdf\" target=\"_blank\" rel=\"noopener noreferrer\">Nr 4 2016 &#8211; Deutsche \u00dcbersetzung hier<\/a><\/p>\n<p><a href=\"https:\/\/vavmagasinet.se\/wp-content\/uploads\/VM3-16Deutsch.pdf\" target=\"_blank\" rel=\"noopener noreferrer\">Nr 3 2016 &#8211; Deutsche \u00dcbersetzung hier<\/a><\/p>\n<p><a href=\"https:\/\/vavmagasinet.se\/wp-content\/uploads\/VM2-16Deutsch.pdf\" target=\"_blank\" rel=\"noopener noreferrer\">Nr 2 2016 &#8211; Deutsche \u00dcbersetzung hier<\/a><\/p>\n<p><a href=\"https:\/\/vavmagasinet.se\/wp-content\/uploads\/VM1-16Deutsch.pdf\" target=\"_blank\" rel=\"noopener noreferrer\">Nr 1 2016 &#8211; Deutsche \u00dcbersetzung hier<\/a><\/p>\n<p><a href=\"https:\/\/vavmagasinet.se\/wp-content\/uploads\/VM4-15Deutsch.pdf\" target=\"_blank\" rel=\"noopener noreferrer\">Nr 4 2015 &#8211; Deutsche \u00dcbersetzung hier<\/a><\/p>\n<p><a href=\"https:\/\/vavmagasinet.se\/wp-content\/uploads\/VM3-15Deutsch.pdf\" target=\"_blank\" rel=\"noopener noreferrer\">Nr 3 2015 &#8211; Deutsche \u00dcbersetzung hier<\/a><\/p>\n<p><a href=\"https:\/\/vavmagasinet.se\/wp-content\/uploads\/VM2-15Deutsch.pdf\" target=\"_blank\" rel=\"noopener noreferrer\">Nr 2 2015 &#8211; Deutsche \u00dcbersetzung hier<\/a><\/p>\n<p><a href=\"https:\/\/vavmagasinet.se\/wp-content\/uploads\/VM1-15Deutsch.pdf\" target=\"_blank\" rel=\"noopener noreferrer\">Nr 1 2015 &#8211; Deutsche \u00dcbersetzung hier<\/a><\/p>\n<p><a href=\"https:\/\/vavmagasinet.se\/wp-content\/uploads\/VM4-14Deutsch.pdf\" target=\"_blank\" rel=\"noopener noreferrer\">Nr 4 2014 &#8211; Deutsche \u00dcbersetzung hier<\/a><\/p>\n<p><a href=\"https:\/\/vavmagasinet.se\/wp-content\/uploads\/VM3-14Deutsch.pdf\" target=\"_blank\" rel=\"noopener noreferrer\">Nr 3 2014 &#8211; Deutsche \u00dcbersetzung hier<\/a><\/p>\n<p><a href=\"https:\/\/vavmagasinet.se\/wp-content\/uploads\/VM2-14Deutsch.pdf\" target=\"_blank\" rel=\"noopener noreferrer\">Nr 2 2014 &#8211; Deutsche \u00dcbersetzung hier<\/a><\/p>\n<p><a href=\"https:\/\/vavmagasinet.se\/wp-content\/uploads\/VM1-14Deutsch.pdf\" target=\"_blank\" rel=\"noopener noreferrer\">Nr 1 2014 &#8211; Deutsche \u00dcbersetzung hier<\/a><\/p>\n","protected":false},"excerpt":{"rendered":"<p>Hier finden Sie Deutsche \u00dcbersetzungen f\u00fcr V\u00c4Vmagasinet Nr 4 2025-Deutsche \u00dcbersetzung hier Nr 3 2025-Deutsche \u00dcbersetzung hier Nr 2 2025-Deutsche \u00dcbersetzung hier Nr 1 2025-Deutsche \u00dcbersetzung hier Nr 4 2024 -Deutsche \u00dcbersetzung hier Nr 3 2024 -Deutsche \u00dcbersetzung hier Nr 2 2024 -Deutsche \u00dcbersetzung hier Nr 1 2024 -Deutsche \u00dcbersetzung hier Nr 4 2023 -Deutsche&#8230;  <a class=\"excerpt-read-more\" href=\"https:\/\/vavmagasinet.se\/en\/german-translation-deutsche-ubersetzung\/\" title=\"ReadGerman Translation \/ Deutsche \u00dcbersetzung\">Read more &raquo;<\/a><\/p>\n","protected":false},"author":1,"featured_media":0,"parent":0,"menu_order":2,"comment_status":"closed","ping_status":"closed","template":"","meta":{"_acf_changed":false,"footnotes":""},"class_list":["post-11792","page","type-page","status-publish","hentry"],"acf":[],"_links":{"self":[{"href":"https:\/\/vavmagasinet.se\/en\/wp-json\/wp\/v2\/pages\/11792","targetHints":{"allow":["GET"]}}],"collection":[{"href":"https:\/\/vavmagasinet.se\/en\/wp-json\/wp\/v2\/pages"}],"about":[{"href":"https:\/\/vavmagasinet.se\/en\/wp-json\/wp\/v2\/types\/page"}],"author":[{"embeddable":true,"href":"https:\/\/vavmagasinet.se\/en\/wp-json\/wp\/v2\/users\/1"}],"replies":[{"embeddable":true,"href":"https:\/\/vavmagasinet.se\/en\/wp-json\/wp\/v2\/comments?post=11792"}],"version-history":[{"count":10,"href":"https:\/\/vavmagasinet.se\/en\/wp-json\/wp\/v2\/pages\/11792\/revisions"}],"predecessor-version":[{"id":16170,"href":"https:\/\/vavmagasinet.se\/en\/wp-json\/wp\/v2\/pages\/11792\/revisions\/16170"}],"wp:attachment":[{"href":"https:\/\/vavmagasinet.se\/en\/wp-json\/wp\/v2\/media?parent=11792"}],"curies":[{"name":"wp","href":"https:\/\/api.w.org\/{rel}","templated":true}]}}